{"id":581,"date":"2018-04-13T20:23:33","date_gmt":"2018-04-13T20:23:33","guid":{"rendered":"http:\/\/tri-quetra.com\/about\/"},"modified":"2021-02-12T14:46:01","modified_gmt":"2021-02-12T13:46:01","slug":"about","status":"publish","type":"page","link":"https:\/\/tri-quetra.com\/en\/about\/","title":{"rendered":"About&#8230;"},"content":{"rendered":"<p>[et_pb_section fb_built=&#8221;1&#8243; fullwidth=&#8221;on&#8221; _builder_version=&#8221;3.22&#8243; background_image=&#8221;https:\/\/tri-quetra.com\/wp-content\/uploads\/2018\/03\/over-mij.jpg&#8221; bottom_divider_style=&#8221;arrow&#8221; bottom_divider_color=&#8221;#ffffff&#8221; bottom_divider_height=&#8221;110px&#8221; bottom_divider_arrangement=&#8221;above_content&#8221;][et_pb_fullwidth_header text_orientation=&#8221;center&#8221; _builder_version=&#8221;3.16&#8243; title_font=&#8221;Engagement||||||||&#8221; title_text_color=&#8221;#ffffff&#8221; title_font_size=&#8221;75px&#8221; content_font_size=&#8221;20px&#8221; background_color=&#8221;rgba(255, 255, 255, 0)&#8221; custom_button_one=&#8221;on&#8221; button_one_text_color=&#8221;#ffffff&#8221; button_one_bg_color=&#8221;#dd2322&#8243; button_one_border_color=&#8221;#ffffff&#8221; button_one_icon=&#8221;%%24%%&#8221; button_one_icon_placement=&#8221;left&#8221; button_one_on_hover=&#8221;off&#8221; custom_css_header_container=&#8221;margin-top: 4%;&#8221; button_one_text_size__hover_enabled=&#8221;off&#8221; button_two_text_size__hover_enabled=&#8221;off&#8221; button_one_text_color__hover_enabled=&#8221;off&#8221; button_two_text_color__hover_enabled=&#8221;off&#8221; button_one_border_width__hover_enabled=&#8221;off&#8221; button_two_border_width__hover_enabled=&#8221;off&#8221; button_one_border_color__hover_enabled=&#8221;off&#8221; button_two_border_color__hover_enabled=&#8221;off&#8221; button_one_border_radius__hover_enabled=&#8221;off&#8221; button_two_border_radius__hover_enabled=&#8221;off&#8221; button_one_letter_spacing__hover_enabled=&#8221;off&#8221; button_two_letter_spacing__hover_enabled=&#8221;off&#8221; button_one_bg_color__hover_enabled=&#8221;off&#8221; button_two_bg_color__hover_enabled=&#8221;off&#8221;][\/et_pb_fullwidth_header][\/et_pb_section][et_pb_section fb_built=&#8221;1&#8243; _builder_version=&#8221;3.22&#8243; custom_margin=&#8221;||0px|&#8221; custom_padding=&#8221;||0px|&#8221;][et_pb_row _builder_version=&#8221;3.25&#8243; background_size=&#8221;initial&#8221; background_position=&#8221;top_left&#8221; background_repeat=&#8221;repeat&#8221;][et_pb_column type=&#8221;4_4&#8243; _builder_version=&#8221;3.25&#8243; custom_padding=&#8221;|||&#8221; custom_padding__hover=&#8221;|||&#8221;][et_pb_text _builder_version=&#8221;3.27.4&#8243; text_font_size=&#8221;18px&#8221; custom_css_main_element=&#8221;H2 { ||border-bottom-style: solid;||border-color: #9D0B0B;||border-bottom-width: 10px;||margin-top: -20px;||margin-bottom: 30px;||width: 100%;}&#8221;]<\/p>\n<h2>about &#8230;<\/h2>\n<p>[\/et_pb_text][et_pb_divider color=&#8221;#dd2322&#8243; divider_weight=&#8221;5&#8243; _builder_version=&#8221;3.0.101&#8243; max_width=&#8221;20%&#8221; height=&#8221;15px&#8221;][\/et_pb_divider][et_pb_text _builder_version=&#8221;3.27.4&#8243;]<\/p>\n<h2>\u00a0D\u00e9sir\u00e9e<\/h2>\n<h2><img loading=\"lazy\" decoding=\"async\" class=\"alignright size-medium wp-image-356\" src=\"https:\/\/tri-quetra.com\/wp-content\/uploads\/2018\/03\/desiree-verhagen-300x201.jpg\" alt=\"\" width=\"300\" height=\"201\" srcset=\"https:\/\/tri-quetra.com\/wp-content\/uploads\/2018\/03\/desiree-verhagen-300x201.jpg 300w, https:\/\/tri-quetra.com\/wp-content\/uploads\/2018\/03\/desiree-verhagen-768x513.jpg 768w, https:\/\/tri-quetra.com\/wp-content\/uploads\/2018\/03\/desiree-verhagen.jpg 799w\" sizes=\"(max-width: 300px) 100vw, 300px\" \/><\/h2>\n<p>&#8220;A different approach of horses and horse riding.&#8221;<\/p>\n<p>D\u00e9sir\u00e9e was trained in the Netherlands as an equine behaviorist. An education that lasted three years and where she has already been able to gain a lot of experience with all types of horses with undesirable and dangerous behavior.<br \/>She also worked for a year for a stable specializing in the revalidation of horses (lame, kissing spine or other) to teach them to rebalance themselves by using their body as they should use them without overcompensation (which can ALSO cause injury).<br \/><span style=\"font-size: 14px;\">In addition, she is continuously being formed since you never finish learning about a subject as vast as the being horse. Science progresses, it is up to us to progress too.<\/span><\/p>\n<p>Specialist in horse behavior, its locomotion and its way of thinking and perceiving its environment, she will know how to approach your horse in a completely personal way, different from the one we see conventionally.<\/p>\n<p>She is very qualified in behavioral issues and young horses, but also in dressage!<\/p>\n<p>The goal is to work without draw rains !! or physical constraint on the part of the rider, the work is focused on relaxation, understanding and learning of the horse, straightness, balance and calm, and that the rider is no longer a crutch that supports, carries, ondergoes, pushes or pulls (the famous ten kilos in each arm or the concrete legs!) but a passenger as discreet as possible on a Horse who will be able to take charge and manage his balance and his locomotion alone (horses advanced in dressage but the basics can be set right from the backing of the horse).<\/p>\n<p>Many horses of any type, any profile, any age, any breed, have passed through her hands, you want your horse to be next?<\/p>\n<p>Contact her!<\/p>\n<p>&#8220;I strongly believe in the bond between man and horses\u00a0<span style=\"background-color: #ffffff; font-size: 14px;\">and what one can do for the other,<\/span><span style=\"font-size: 14px;\">\u00a0learn from the other.\u00a0<\/span><span style=\"background-color: #ffffff; font-size: 14px;\">What one can be for the other. What can be achieved together\u00a0<\/span><span style=\"font-size: 14px;\">and aiming for the best.&#8221;<\/span><span style=\"font-size: 14px;\">\u00a0<\/span><\/p>\n<p>&nbsp;<\/p>\n<p>&nbsp;<\/p>\n<h2 id=\"triquetra\">Triquetra<\/h2>\n<p><img loading=\"lazy\" decoding=\"async\" class=\"alignright size-full wp-image-214\" src=\"https:\/\/tri-quetra.com\/wp-content\/uploads\/2018\/03\/logo-300-253-1.jpg\" alt=\"\" width=\"300\" height=\"253\" \/>Triquetra is Latin for \u201ctriangular\u201d. It represents Trinity that already exists for many centuries (found 5000 years ago for the first time on religious Indian statues). In many religions, the number three has always been a sacred number.<br \/> And not only are my logo and company name based on this Trinity but also the way I do my trainings.<br \/> Unity on soul-level, unity on the level of the mind (and emotional) and unity on a physical level (soul, spirit and body). To dance, to play and lightness also belong to this Trinity. All imbedded with as result a unity filled with harmony, without any force, just to be \u201cin the moment\u201d.<\/p>\n<p>&nbsp;<\/p>\n<p>[\/et_pb_text][\/et_pb_column][\/et_pb_row][\/et_pb_section][et_pb_section fb_built=&#8221;1&#8243; fullwidth=&#8221;on&#8221; _builder_version=&#8221;3.22&#8243; background_color=&#8221;#3a3a3a&#8221; custom_css_after=&#8221;display: block;||position: absolute;||content: &#8221;;||width: 70px;||height: 70px;||top: -35px;||left: 50%;||margin-left: -35px;||background-color: #ffffff; \/** Change This Value ***\/||-ms-transform: rotate(45deg);||-webkit-transform: rotate(45deg);||transform: rotate(45deg);||z-index: 1;&#8221;][et_pb_fullwidth_header title=&#8221;If you have any questions, please contact us&#8221; text_orientation=&#8221;center&#8221; button_one_text=&#8221;Contact us&#8221; button_one_url=&#8221;https:\/\/tri-quetra.com\/en\/contact\/&#8221; _builder_version=&#8221;3.16&#8243; title_text_color=&#8221;#ffffff&#8221; content_text_color=&#8221;#ffffff&#8221; background_color=&#8221;rgba(255, 255, 255, 0)&#8221; custom_button_one=&#8221;on&#8221; button_one_text_color=&#8221;#ffffff&#8221; button_one_bg_color=&#8221;#dd2322&#8243; button_one_border_color=&#8221;#ffffff&#8221; button_one_icon=&#8221;%%24%%&#8221; button_one_icon_color=&#8221;#ffffff&#8221; button_one_icon_placement=&#8221;left&#8221; button_one_text_size__hover_enabled=&#8221;off&#8221; button_two_text_size__hover_enabled=&#8221;off&#8221; button_one_text_color__hover_enabled=&#8221;off&#8221; button_two_text_color__hover_enabled=&#8221;off&#8221; button_one_border_width__hover_enabled=&#8221;off&#8221; button_two_border_width__hover_enabled=&#8221;off&#8221; button_one_border_color__hover_enabled=&#8221;off&#8221; button_two_border_color__hover_enabled=&#8221;off&#8221; button_one_border_radius__hover_enabled=&#8221;off&#8221; button_two_border_radius__hover_enabled=&#8221;off&#8221; button_one_letter_spacing__hover_enabled=&#8221;off&#8221; button_two_letter_spacing__hover_enabled=&#8221;off&#8221; button_one_bg_color__hover_enabled=&#8221;off&#8221; button_two_bg_color__hover_enabled=&#8221;off&#8221;]If you have any questions left, please do not hesitate to contact us. Or maybe you do not find here what you are looking for, let us know and we might be able to help you further.<br \/>\n[\/et_pb_fullwidth_header][\/et_pb_section]<\/p>\n","protected":false},"excerpt":{"rendered":"<p>about &#8230; \u00a0D\u00e9sir\u00e9e &#8220;A different approach of horses and horse riding.&#8221; D\u00e9sir\u00e9e was trained in the Netherlands as an equine behaviorist. An education that lasted three years and where she has already been able to gain a lot of experience with all types of horses with undesirable and dangerous behavior.She also worked for a year [&hellip;]<\/p>\n","protected":false},"author":2,"featured_media":0,"parent":0,"menu_order":0,"comment_status":"closed","ping_status":"closed","template":"","meta":{"_et_pb_use_builder":"on","_et_pb_old_content":"","_et_gb_content_width":"","_exactmetrics_skip_tracking":false,"_exactmetrics_sitenote_active":false,"_exactmetrics_sitenote_note":"","_exactmetrics_sitenote_category":0,"footnotes":""},"class_list":["post-581","page","type-page","status-publish","hentry"],"_links":{"self":[{"href":"https:\/\/tri-quetra.com\/en\/wp-json\/wp\/v2\/pages\/581","targetHints":{"allow":["GET"]}}],"collection":[{"href":"https:\/\/tri-quetra.com\/en\/wp-json\/wp\/v2\/pages"}],"about":[{"href":"https:\/\/tri-quetra.com\/en\/wp-json\/wp\/v2\/types\/page"}],"author":[{"embeddable":true,"href":"https:\/\/tri-quetra.com\/en\/wp-json\/wp\/v2\/users\/2"}],"replies":[{"embeddable":true,"href":"https:\/\/tri-quetra.com\/en\/wp-json\/wp\/v2\/comments?post=581"}],"version-history":[{"count":7,"href":"https:\/\/tri-quetra.com\/en\/wp-json\/wp\/v2\/pages\/581\/revisions"}],"predecessor-version":[{"id":956,"href":"https:\/\/tri-quetra.com\/en\/wp-json\/wp\/v2\/pages\/581\/revisions\/956"}],"wp:attachment":[{"href":"https:\/\/tri-quetra.com\/en\/wp-json\/wp\/v2\/media?parent=581"}],"curies":[{"name":"wp","href":"https:\/\/api.w.org\/{rel}","templated":true}]}}